{"id":6805,"date":"2025-05-29T21:25:20","date_gmt":"2025-05-29T21:25:20","guid":{"rendered":"https:\/\/ittechlab.gr\/?post_type=product&#038;p=6805"},"modified":"2025-06-09T13:44:53","modified_gmt":"2025-06-09T13:44:53","slug":"tp-link-er605-omada-gigabit-vpn-router","status":"publish","type":"product","link":"https:\/\/ittechlab.gr\/en\/shop\/%ce%b4%ce%b9%ce%ba%cf%84%cf%85%ce%b1%ce%ba%ce%ac-%cf%80%cf%81%ce%bf%cf%8a%cf%8c%ce%bd%cf%84%ce%b1\/router\/tp-link-er605-omada-gigabit-vpn-router\/","title":{"rendered":"TP-Link ER605 Omada Gigabit VPN Router"},"content":{"rendered":"<p class=\"my-0\">\u03a4\u03bf TP-Link Omada Gigabit VPN Router ER605 \u03b5\u03af\u03bd\u03b1\u03b9 \u03ad\u03bd\u03b1 \u03b5\u03c0\u03b1\u03b3\u03b3\u03b5\u03bb\u03bc\u03b1\u03c4\u03b9\u03ba\u03cc, \u03b1\u03be\u03b9\u03cc\u03c0\u03b9\u03c3\u03c4\u03bf router \u03c3\u03c7\u03b5\u03b4\u03b9\u03b1\u03c3\u03bc\u03ad\u03bd\u03bf \u03b3\u03b9\u03b1 \u03bc\u03b9\u03ba\u03c1\u03ad\u03c2 \u03ba\u03b1\u03b9 \u03bc\u03b5\u03c3\u03b1\u03af\u03b5\u03c2 \u03b5\u03c0\u03b9\u03c7\u03b5\u03b9\u03c1\u03ae\u03c3\u03b5\u03b9\u03c2 \u03c0\u03bf\u03c5 \u03b1\u03c0\u03b1\u03b9\u03c4\u03bf\u03cd\u03bd \u03c5\u03c8\u03b7\u03bb\u03ae \u03b1\u03c3\u03c6\u03ac\u03bb\u03b5\u03b9\u03b1, \u03c0\u03bf\u03bb\u03bb\u03b1\u03c0\u03bb\u03ad\u03c2 \u03c3\u03c5\u03bd\u03b4\u03ad\u03c3\u03b5\u03b9\u03c2 \u03ba\u03b1\u03b9 \u03ba\u03b5\u03bd\u03c4\u03c1\u03b9\u03ba\u03ae \u03b4\u03b9\u03b1\u03c7\u03b5\u03af\u03c1\u03b9\u03c3\u03b7. \u0394\u03b9\u03b1\u03b8\u03ad\u03c4\u03b5\u03b9 5 \u03b8\u03cd\u03c1\u03b5\u03c2 Gigabit Ethernet (1 \u03c3\u03c4\u03b1\u03b8\u03b5\u03c1\u03ae WAN, 1 \u03c3\u03c4\u03b1\u03b8\u03b5\u03c1\u03ae LAN \u03ba\u03b1\u03b9 3 WAN\/LAN \u03c0\u03bf\u03c5 \u03bc\u03c0\u03bf\u03c1\u03bf\u03cd\u03bd \u03bd\u03b1 \u03c1\u03c5\u03b8\u03bc\u03b9\u03c3\u03c4\u03bf\u03cd\u03bd \u03b1\u03bd\u03ac\u03bb\u03bf\u03b3\u03b1 \u03bc\u03b5 \u03c4\u03b9\u03c2 \u03b1\u03bd\u03ac\u03b3\u03ba\u03b5\u03c2), \u03bc\u03b5 \u03b4\u03c5\u03bd\u03b1\u03c4\u03cc\u03c4\u03b7\u03c4\u03b1 \u03c7\u03c1\u03ae\u03c3\u03b7\u03c2 \u03ad\u03c9\u03c2 4 WAN \u03c3\u03c5\u03bd\u03b4\u03ad\u03c3\u03b5\u03c9\u03bd \u03b3\u03b9\u03b1 load balancing \u03ba\u03b1\u03b9 failover, \u03b5\u03be\u03b1\u03c3\u03c6\u03b1\u03bb\u03af\u03b6\u03bf\u03bd\u03c4\u03b1\u03c2 \u03c3\u03c5\u03bd\u03b5\u03c7\u03ae \u03c3\u03cd\u03bd\u03b4\u03b5\u03c3\u03b7 \u03ba\u03b1\u03b9 \u03b2\u03ad\u03bb\u03c4\u03b9\u03c3\u03c4\u03b7 \u03b1\u03be\u03b9\u03bf\u03c0\u03bf\u03af\u03b7\u03c3\u03b7 \u03c4\u03b7\u03c2 \u03b4\u03b9\u03b1\u03b8\u03ad\u03c3\u03b9\u03bc\u03b7\u03c2 \u03b5\u03cd\u03c1\u03c5\u03b8\u03bc\u03b7\u03c2 \u03b6\u03ce\u03bd\u03b7\u03c2<span class=\"whitespace-nowrap\">.<\/span><\/p>\n<p class=\"my-0\"><strong>Ports:<\/strong><\/p>\n<ul>\n<li class=\"my-0\">1x Fixed Gigabit WAN<\/li>\n<li class=\"my-0\">1x Fixed Gigabit LAN<\/li>\n<li class=\"my-0\">3x Configurable Gigabit WAN\/LAN<\/li>\n<li class=\"my-0\">\u03a3\u03b5 \u03bf\u03c1\u03b9\u03c3\u03bc\u03ad\u03bd\u03b5\u03c2 \u03b5\u03ba\u03b4\u03cc\u03c3\u03b5\u03b9\u03c2: 1x USB \u03b3\u03b9\u03b1 3G\/4G modem (WAN backup)<\/li>\n<\/ul>\n<p class=\"my-0\"><strong>VPN:<\/strong><\/p>\n<ul>\n<li class=\"my-0\">20 IPSec VPN tunnels<\/li>\n<li class=\"my-0\">16 OpenVPN tunnels<\/li>\n<li class=\"my-0\">16 L2TP tunnels<\/li>\n<li class=\"my-0\">16 PPTP tunnels<\/li>\n<li class=\"my-0\">\u03a5\u03c0\u03bf\u03c3\u03c4\u03ae\u03c1\u03b9\u03be\u03b7 LAN-to-LAN, Client-to-LAN, VPN over SSL<\/li>\n<\/ul>\n<p class=\"my-0\"><strong>Security:<\/strong><\/p>\n<ul>\n<li class=\"my-0\">\u03a0\u03c1\u03bf\u03b7\u03b3\u03bc\u03ad\u03bd\u03bf firewall (SPI)<\/li>\n<li class=\"my-0\">DoS defense, IP\/MAC\/URL filtering, IP-MAC binding<\/li>\n<li class=\"my-0\">VLAN (802.1Q), ARP inspection<\/li>\n<li class=\"my-0\">Web authentication, Captive Portal, Radius<\/li>\n<\/ul>\n<p class=\"my-0\"><strong>Management:<\/strong><\/p>\n<ul>\n<li class=\"my-0\"><strong>Omada SDN:<\/strong>\u00a0\u039a\u03b5\u03bd\u03c4\u03c1\u03b9\u03ba\u03ae \u03b4\u03b9\u03b1\u03c7\u03b5\u03af\u03c1\u03b9\u03c3\u03b7 \u03bc\u03ad\u03c3\u03c9 cloud \u03ae Omada app<\/li>\n<li class=\"my-0\"><strong>Zero-touch provisioning<\/strong><\/li>\n<li class=\"my-0\"><strong>Standalone management:<\/strong>\u00a0Web UI &amp; app<\/li>\n<li class=\"my-0\"><strong>Automatic device discovery, monitoring, event warnings<\/strong><\/li>\n<\/ul>\n<p class=\"my-0\"><strong>Routing &amp; Networking:<\/strong><\/p>\n<ul>\n<li class=\"my-0\">Static &amp; Policy Routing<\/li>\n<li class=\"my-0\">Bandwidth Control (IP\/Port-based)<\/li>\n<li class=\"my-0\">DHCP Server\/Client, Multi-net DHCP<\/li>\n<li class=\"my-0\">IPv6 support<\/li>\n<li class=\"my-0\">IGMP v2\/v3 proxy (IPTV)<\/li>\n<li class=\"my-0\">NAT, Port Forwarding, Virtual Server, DMZ<\/li>\n<\/ul>\n<p class=\"my-0\"><strong>Performance:<\/strong><\/p>\n<ul>\n<li class=\"my-0\">Concurrent sessions: 25,000<\/li>\n<li class=\"my-0\">IPsec VPN throughput: 41.5 Mbps<\/li>\n<li class=\"my-0\">Packet forwarding rate: 1,308,140 pps (66 byte), 81,067 pps (1518 byte)<\/li>\n<\/ul>\n<p class=\"my-0\"><strong>Design:<\/strong><\/p>\n<ul>\n<li class=\"my-0\">Fanless, \u03bc\u03b5\u03c4\u03b1\u03bb\u03bb\u03b9\u03ba\u03cc \u03c3\u03b1\u03c3\u03af<\/li>\n<li class=\"my-0\">\u0394\u03b9\u03b1\u03c3\u03c4\u03ac\u03c3\u03b5\u03b9\u03c2: 158 x 101 x 25 mm<\/li>\n<li class=\"my-0\">\u0392\u03ac\u03c1\u03bf\u03c2: ~0.5 kg<\/li>\n<\/ul>\n<p class=\"my-0\"><strong>\u03a0\u03b5\u03c1\u03b9\u03b5\u03c7\u03cc\u03bc\u03b5\u03bd\u03b1 \u03c3\u03c5\u03c3\u03ba\u03b5\u03c5\u03b1\u03c3\u03af\u03b1\u03c2:<\/strong><\/p>\n<ul>\n<li class=\"my-0\">ER605 Router<\/li>\n<li class=\"my-0\">Power Adapter<\/li>\n<li class=\"my-0\">RJ45 Ethernet Cable<\/li>\n<li class=\"my-0\">Quick Installation Guide<\/li>\n<\/ul>","protected":false},"excerpt":{"rendered":"<ul>\n<li class=\"my-0\"><strong>PORTS:<\/strong>\u00a05 GIGABIT ETHERNET (1 FIXED WAN, 1 FIXED LAN, 3 WAN\/LAN CONFIGURABLE)<\/li>\n<li class=\"my-0\"><strong>WAN:<\/strong>\u00a0UP TO 4 WAN PORTS (1 FIXED, 3 CONFIGURABLE) \u0393\u0399\u0391 LOAD BALANCE &amp; FAILOVER<\/li>\n<li class=\"my-0\"><strong>VPN:<\/strong>\u00a0\u03a5\u03a0\u039f\u03a3\u03a4\u0397\u03a1\u0399\u039e\u0397 20\u00d7 IPSEC, 16\u00d7 OPENVPN, 16\u00d7 L2TP, 16\u00d7 PPTP VPN TUNNELS<\/li>\n<li class=\"my-0\"><strong>MANAGEMENT:<\/strong>\u00a0OMADA SDN CLOUD &amp; APP \u0393\u0399\u0391 \u039a\u0395\u039d\u03a4\u03a1\u0399\u039a\u0397 \u0394\u0399\u0391\u03a7\u0395\u0399\u03a1\u0399\u03a3\u0397, ZERO-TOUCH PROVISIONING<\/li>\n<li class=\"my-0\"><strong>SECURITY:<\/strong>\u00a0POWERFUL FIREWALL, DOS DEFENSE, IP\/MAC\/URL FILTERING, VLAN, ARP INSPECTION<\/li>\n<li class=\"my-0\"><strong>USB:<\/strong>\u00a0\u03a3\u0395 \u039f\u03a1\u0399\u03a3\u039c\u0395\u039d\u0395\u03a3 \u0395\u039a\u0394\u039f\u03a3\u0395\u0399\u03a3, \u03a5\u03a0\u039f\u03a3\u03a4\u0397\u03a1\u0399\u039e\u0397 3G\/4G MODEM (USB WAN BACKUP)<\/li>\n<li class=\"my-0\"><strong>ROUTING:<\/strong>\u00a0STATIC &amp; POLICY ROUTING, BANDWIDTH CONTROL, DHCP SERVER\/CLIENT<\/li>\n<li class=\"my-0\"><strong>PERFORMANCE:<\/strong>\u00a025,000 CONCURRENT SESSIONS, 41.5 MBPS IPSEC VPN THROUGHPUT<\/li>\n<li class=\"my-0\"><strong>DIMENSIONS:<\/strong>\u00a0158 \u00d7 101 \u00d7 25 MM, FANLESS DESIGN<\/li>\n<\/ul>","protected":false},"featured_media":6809,"template":"","meta":{"_mi_skip_tracking":false},"product_cat":[110,113],"product_tag":[],"class_list":{"0":"post-6805","1":"product","2":"type-product","3":"status-publish","4":"has-post-thumbnail","6":"product_cat-110","7":"product_cat-router","9":"entry","10":"has-media","12":"first","13":"instock","14":"shipping-taxable","15":"purchasable","16":"product-type-simple","17":"has-product-nav","18":"col","19":"span_1_of_3","20":"owp-content-center","21":"item-entry","22":"owp-thumbs-layout-horizontal","23":"owp-btn-big","24":"owp-tabs-layout-horizontal"},"_links":{"self":[{"href":"https:\/\/ittechlab.gr\/en\/wp-json\/wp\/v2\/product\/6805","targetHints":{"allow":["GET"]}}],"collection":[{"href":"https:\/\/ittechlab.gr\/en\/wp-json\/wp\/v2\/product"}],"about":[{"href":"https:\/\/ittechlab.gr\/en\/wp-json\/wp\/v2\/types\/product"}],"wp:featuredmedia":[{"embeddable":true,"href":"https:\/\/ittechlab.gr\/en\/wp-json\/wp\/v2\/media\/6809"}],"wp:attachment":[{"href":"https:\/\/ittechlab.gr\/en\/wp-json\/wp\/v2\/media?parent=6805"}],"wp:term":[{"taxonomy":"product_cat","embeddable":true,"href":"https:\/\/ittechlab.gr\/en\/wp-json\/wp\/v2\/product_cat?post=6805"},{"taxonomy":"product_tag","embeddable":true,"href":"https:\/\/ittechlab.gr\/en\/wp-json\/wp\/v2\/product_tag?post=6805"}],"curies":[{"name":"wp","href":"https:\/\/api.w.org\/{rel}","templated":true}]}}